{"id":44879,"date":"2024-08-26T19:45:48","date_gmt":"2024-08-26T19:45:48","guid":{"rendered":"http:\/\/itech.dv.ancorathemes.com\/?page_id=44879"},"modified":"2025-09-23T18:18:15","modified_gmt":"2025-09-23T22:18:15","slug":"about-us","status":"publish","type":"page","link":"https:\/\/goprototype.io\/en\/about-us\/","title":{"rendered":"About us"},"content":{"rendered":"<div data-elementor-type=\"wp-page\" data-elementor-id=\"44879\" class=\"elementor elementor-44879\">\n\t\t\t\t\t\t<section class=\"elementor-section elementor-top-section elementor-element elementor-element-671a6a0 elementor-section-boxed elementor-section-height-default elementor-section-height-default sc_fly_static\" data-id=\"671a6a0\" data-element_type=\"section\">\n\t\t\t\t\t\t<div class=\"elementor-container elementor-column-gap-extended\">\n\t\t\t\t\t<div class=\"elementor-column elementor-col-100 elementor-top-column elementor-element elementor-element-dec7fd8 sc_content_align_inherit sc_layouts_column_icons_position_left sc_fly_static\" data-id=\"dec7fd8\" data-element_type=\"column\">\n\t\t\t<div class=\"elementor-widget-wrap\">\n\t\t\t\t\t\t\t<\/div>\n\t\t<\/div>\n\t\t\t\t\t<\/div>\n\t\t<\/section>\n\t\t\t\t<section class=\"elementor-section elementor-top-section elementor-element elementor-element-d2c8b9e elementor-section-full_width elementor-section-height-default elementor-section-height-default sc_fly_static\" data-id=\"d2c8b9e\" data-element_type=\"section\">\n\t\t\t\t\t\t<div class=\"elementor-container elementor-column-gap-extended\">\n\t\t\t\t\t<div class=\"elementor-column elementor-col-100 elementor-top-column elementor-element elementor-element-c6c97fe sc_content_align_inherit sc_layouts_column_icons_position_left sc_fly_static\" data-id=\"c6c97fe\" data-element_type=\"column\">\n\t\t\t<div class=\"elementor-widget-wrap elementor-element-populated\">\n\t\t\t\t\t\t<div data-animation-type=\"block\" class=\"elementor-element elementor-element-176d7d2 animated-slow animation_type_block sc_fly_static elementor-invisible elementor-widget elementor-widget-heading\" data-id=\"176d7d2\" data-element_type=\"widget\" data-settings=\"{&quot;_animation&quot;:&quot;ta_under_strips&quot;}\" data-widget_type=\"heading.default\">\n\t\t\t\t<div class=\"elementor-widget-container\">\n\t\t\t\t\t<h2 class=\"elementor-heading-title elementor-size-default\">Prototype<\/h2>\t\t\t\t<\/div>\n\t\t\t\t<\/div>\n\t\t\t\t\t<\/div>\n\t\t<\/div>\n\t\t\t\t\t<\/div>\n\t\t<\/section>\n\t\t\t\t<section class=\"elementor-section elementor-top-section elementor-element elementor-element-91e4f7e elementor-section-boxed elementor-section-height-default elementor-section-height-default sc_fly_static\" data-id=\"91e4f7e\" data-element_type=\"section\" data-settings=\"{&quot;background_background&quot;:&quot;classic&quot;}\">\n\t\t\t\t\t\t<div class=\"elementor-container elementor-column-gap-extended\">\n\t\t\t\t\t<div class=\"elementor-column elementor-col-50 elementor-top-column elementor-element elementor-element-35dfc89 sc_content_align_inherit sc_layouts_column_icons_position_left sc_fly_static\" data-id=\"35dfc89\" data-element_type=\"column\">\n\t\t\t<div class=\"elementor-widget-wrap elementor-element-populated\">\n\t\t\t\t\t\t<div class=\"elementor-element elementor-element-a68a6e5 elementor-widget__width-inherit sc_fly_static elementor-widget elementor-widget-image\" data-id=\"a68a6e5\" data-element_type=\"widget\" data-widget_type=\"image.default\">\n\t\t\t\t<div class=\"elementor-widget-container\">\n\t\t\t\t\t\t\t\t\t\t\t\t\t\t\t<img fetchpriority=\"high\" decoding=\"async\" width=\"1920\" height=\"1080\" src=\"https:\/\/goprototype.io\/wp-content\/uploads\/2025\/09\/imagenes-07.jpg\" class=\"attachment-full size-full wp-image-75965\" alt=\"\" srcset=\"https:\/\/goprototype.io\/wp-content\/uploads\/2025\/09\/imagenes-07.jpg 1920w, https:\/\/goprototype.io\/wp-content\/uploads\/2025\/09\/imagenes-07-300x169.jpg 300w, https:\/\/goprototype.io\/wp-content\/uploads\/2025\/09\/imagenes-07-1024x576.jpg 1024w, https:\/\/goprototype.io\/wp-content\/uploads\/2025\/09\/imagenes-07-768x432.jpg 768w, https:\/\/goprototype.io\/wp-content\/uploads\/2025\/09\/imagenes-07-1536x864.jpg 1536w, https:\/\/goprototype.io\/wp-content\/uploads\/2025\/09\/imagenes-07-370x208.jpg 370w, https:\/\/goprototype.io\/wp-content\/uploads\/2025\/09\/imagenes-07-1290x725.jpg 1290w, https:\/\/goprototype.io\/wp-content\/uploads\/2025\/09\/imagenes-07-840x473.jpg 840w, https:\/\/goprototype.io\/wp-content\/uploads\/2025\/09\/imagenes-07-410x231.jpg 410w, https:\/\/goprototype.io\/wp-content\/uploads\/2025\/09\/imagenes-07-730x411.jpg 730w, https:\/\/goprototype.io\/wp-content\/uploads\/2025\/09\/imagenes-07-270x152.jpg 270w\" sizes=\"(max-width: 1920px) 100vw, 1920px\" \/>\t\t\t\t\t\t\t\t\t\t\t\t\t\t\t<\/div>\n\t\t\t\t<\/div>\n\t\t\t\t\t<\/div>\n\t\t<\/div>\n\t\t\t\t<div class=\"elementor-column elementor-col-50 elementor-top-column elementor-element elementor-element-1c3da6e sc_content_align_inherit sc_layouts_column_icons_position_left sc_fly_static\" data-id=\"1c3da6e\" data-element_type=\"column\">\n\t\t\t<div class=\"elementor-widget-wrap elementor-element-populated\">\n\t\t\t\t\t\t<div class=\"elementor-element elementor-element-5ea1415 sc_fly_static elementor-widget elementor-widget-text-editor\" data-id=\"5ea1415\" data-element_type=\"widget\" data-widget_type=\"text-editor.default\">\n\t\t\t\t<div class=\"elementor-widget-container\">\n\t\t\t\t\t\t\t\t\t<p>At Prototype, we believe that innovation is born from simplicity: an idea that becomes a design, and a design that improves the way we live. We are a brand that unites functionality, style, and technology, creating products designed to accompany you in your daily life with practicality and personality.<\/p><p>Every piece we develop reflects our commitment to quality, contemporary aesthetics, and user experience. We want you to enjoy smart solutions that not only look good but also make a difference in your routine.<\/p><p>Prototype isn't just a name: it's an invitation to imagine, experiment, and evolve. We design for people who seek more than a product, for those who value creativity, detail, and constant innovation.<\/p>\t\t\t\t\t\t\t\t<\/div>\n\t\t\t\t<\/div>\n\t\t\t\t\t<\/div>\n\t\t<\/div>\n\t\t\t\t\t<\/div>\n\t\t<\/section>\n\t\t\t\t<\/div>","protected":false},"excerpt":{"rendered":"<p>Prototype En Prototype creemos que la innovaci\u00f3n nace de lo simple: una idea que se convierte en dise\u00f1o y un dise\u00f1o que mejora la manera en que vivimos. Somos una&hellip;<\/p>","protected":false},"author":1,"featured_media":0,"parent":0,"menu_order":0,"comment_status":"closed","ping_status":"closed","template":"","meta":{"inline_featured_image":false,"footnotes":""},"class_list":["post-44879","page","type-page","status-publish","hentry"],"_links":{"self":[{"href":"https:\/\/goprototype.io\/en\/wp-json\/wp\/v2\/pages\/44879","targetHints":{"allow":["GET"]}}],"collection":[{"href":"https:\/\/goprototype.io\/en\/wp-json\/wp\/v2\/pages"}],"about":[{"href":"https:\/\/goprototype.io\/en\/wp-json\/wp\/v2\/types\/page"}],"author":[{"embeddable":true,"href":"https:\/\/goprototype.io\/en\/wp-json\/wp\/v2\/users\/1"}],"replies":[{"embeddable":true,"href":"https:\/\/goprototype.io\/en\/wp-json\/wp\/v2\/comments?post=44879"}],"version-history":[{"count":99,"href":"https:\/\/goprototype.io\/en\/wp-json\/wp\/v2\/pages\/44879\/revisions"}],"predecessor-version":[{"id":76553,"href":"https:\/\/goprototype.io\/en\/wp-json\/wp\/v2\/pages\/44879\/revisions\/76553"}],"wp:attachment":[{"href":"https:\/\/goprototype.io\/en\/wp-json\/wp\/v2\/media?parent=44879"}],"curies":[{"name":"wp","href":"https:\/\/api.w.org\/{rel}","templated":true}]}}